{"id":73,"date":"2021-03-11T02:39:09","date_gmt":"2021-03-11T02:39:09","guid":{"rendered":"https:\/\/covatam.com\/?page_id=73"},"modified":"2021-08-23T00:05:14","modified_gmt":"2021-08-23T00:05:14","slug":"articulos-colegio-de-valuadores-profesionales-de-tamaulipas-a-c-covatam","status":"publish","type":"page","link":"https:\/\/covatam.com\/index.php\/articulos-colegio-de-valuadores-profesionales-de-tamaulipas-a-c-covatam\/","title":{"rendered":"Art\u00edculos | Colegio de Valuadores Profesionales de Tamaulipas A.C. | COVATAM"},"content":{"rendered":"\t\t<div data-elementor-type=\"wp-page\" data-elementor-id=\"73\" class=\"elementor elementor-73\">\n\t\t\t\t\t\t<section class=\"elementor-section elementor-top-section elementor-element elementor-element-7834334 elementor-section-boxed elementor-section-height-default elementor-section-height-default elementor-invisible\" data-id=\"7834334\" data-element_type=\"section\" data-e-type=\"section\" data-settings=\"{&quot;animation&quot;:&quot;slideInUp&quot;}\">\n\t\t\t\t\t\t<div class=\"elementor-container elementor-column-gap-default\">\n\t\t\t\t\t<div class=\"elementor-column elementor-col-100 elementor-top-column elementor-element elementor-element-7a654655\" data-id=\"7a654655\" data-element_type=\"column\" data-e-type=\"column\">\n\t\t\t<div class=\"elementor-widget-wrap elementor-element-populated\">\n\t\t\t\t\t\t<div class=\"elementor-element elementor-element-6739df8f elementor-widget elementor-widget-text-editor\" data-id=\"6739df8f\" data-element_type=\"widget\" data-e-type=\"widget\" data-widget_type=\"text-editor.default\">\n\t\t\t\t<div class=\"elementor-widget-container\">\n\t\t\t\t\t\t\t\t\t<p>Art\u00edculos<strong> Covatam<\/strong><\/p>\t\t\t\t\t\t\t\t<\/div>\n\t\t\t\t<\/div>\n\t\t\t\t\t<\/div>\n\t\t<\/div>\n\t\t\t\t\t<\/div>\n\t\t<\/section>\n\t\t\t\t<section class=\"elementor-section elementor-top-section elementor-element elementor-element-7ce1acf elementor-section-boxed elementor-section-height-default elementor-section-height-default\" data-id=\"7ce1acf\" data-element_type=\"section\" data-e-type=\"section\">\n\t\t\t\t\t\t<div class=\"elementor-container elementor-column-gap-default\">\n\t\t\t\t\t<div class=\"elementor-column elementor-col-100 elementor-top-column elementor-element elementor-element-e5924d3\" data-id=\"e5924d3\" data-element_type=\"column\" data-e-type=\"column\">\n\t\t\t<div class=\"elementor-widget-wrap elementor-element-populated\">\n\t\t\t\t\t\t<div class=\"elementor-element elementor-element-8fb7a22 elementor-widget elementor-widget-text-editor\" data-id=\"8fb7a22\" data-element_type=\"widget\" data-e-type=\"widget\" data-widget_type=\"text-editor.default\">\n\t\t\t\t<div class=\"elementor-widget-container\">\n\t\t\t\t\t\t\t\t\t<p>Art\u00edculos de inter\u00e9s para el Valuador.<\/p><p><strong>PR\u00d3XIMAMENTE<\/strong><\/p>\t\t\t\t\t\t\t\t<\/div>\n\t\t\t\t<\/div>\n\t\t\t\t\t<\/div>\n\t\t<\/div>\n\t\t\t\t\t<\/div>\n\t\t<\/section>\n\t\t\t\t<section class=\"elementor-section elementor-top-section elementor-element elementor-element-e0c1d94 elementor-section-boxed elementor-section-height-default elementor-section-height-default\" data-id=\"e0c1d94\" data-element_type=\"section\" data-e-type=\"section\" data-settings=\"{&quot;background_background&quot;:&quot;classic&quot;}\">\n\t\t\t\t\t\t<div class=\"elementor-container elementor-column-gap-default\">\n\t\t\t\t\t<div class=\"elementor-column elementor-col-100 elementor-top-column elementor-element elementor-element-4a7a445\" data-id=\"4a7a445\" data-element_type=\"column\" data-e-type=\"column\">\n\t\t\t<div class=\"elementor-widget-wrap elementor-element-populated\">\n\t\t\t\t\t\t<div class=\"elementor-element elementor-element-bdef682 elementor-widget elementor-widget-text-editor\" data-id=\"bdef682\" data-element_type=\"widget\" data-e-type=\"widget\" data-widget_type=\"text-editor.default\">\n\t\t\t\t<div class=\"elementor-widget-container\">\n\t\t\t\t\t\t\t\t\t<p><strong>DEC\u00c1LOGO DEL VALUADOR<\/strong><\/p>\t\t\t\t\t\t\t\t<\/div>\n\t\t\t\t<\/div>\n\t\t\t\t\t<\/div>\n\t\t<\/div>\n\t\t\t\t\t<\/div>\n\t\t<\/section>\n\t\t\t\t<section class=\"elementor-section elementor-top-section elementor-element elementor-element-55e83aea elementor-section-boxed elementor-section-height-default elementor-section-height-default\" data-id=\"55e83aea\" data-element_type=\"section\" data-e-type=\"section\" data-settings=\"{&quot;background_background&quot;:&quot;slideshow&quot;,&quot;background_slideshow_gallery&quot;:[{&quot;id&quot;:18,&quot;url&quot;:&quot;https:\\\/\\\/covatam.com\\\/wp-content\\\/uploads\\\/2021\\\/03\\\/FONDO-3.jpg&quot;},{&quot;id&quot;:17,&quot;url&quot;:&quot;https:\\\/\\\/covatam.com\\\/wp-content\\\/uploads\\\/2021\\\/03\\\/FONDO-2.jpg&quot;},{&quot;id&quot;:16,&quot;url&quot;:&quot;https:\\\/\\\/covatam.com\\\/wp-content\\\/uploads\\\/2021\\\/03\\\/FONDO-1.jpg&quot;}],&quot;background_slideshow_loop&quot;:&quot;yes&quot;,&quot;background_slideshow_slide_duration&quot;:5000,&quot;background_slideshow_slide_transition&quot;:&quot;fade&quot;,&quot;background_slideshow_transition_duration&quot;:500}\">\n\t\t\t\t\t\t\t<div class=\"elementor-background-overlay\"><\/div>\n\t\t\t\t\t\t\t<div class=\"elementor-container elementor-column-gap-default\">\n\t\t\t\t\t<div class=\"elementor-column elementor-col-100 elementor-top-column elementor-element elementor-element-32e9acff\" data-id=\"32e9acff\" data-element_type=\"column\" data-e-type=\"column\">\n\t\t\t<div class=\"elementor-widget-wrap elementor-element-populated\">\n\t\t\t\t\t\t<section class=\"elementor-section elementor-inner-section elementor-element elementor-element-23fdd843 elementor-section-boxed elementor-section-height-default elementor-section-height-default\" data-id=\"23fdd843\" data-element_type=\"section\" data-e-type=\"section\" data-settings=\"{&quot;background_background&quot;:&quot;gradient&quot;}\">\n\t\t\t\t\t\t\t<div class=\"elementor-background-overlay\"><\/div>\n\t\t\t\t\t\t\t<div class=\"elementor-container elementor-column-gap-default\">\n\t\t\t\t\t<div class=\"elementor-column elementor-col-100 elementor-inner-column elementor-element elementor-element-2cbc7714\" data-id=\"2cbc7714\" data-element_type=\"column\" data-e-type=\"column\">\n\t\t\t<div class=\"elementor-widget-wrap elementor-element-populated\">\n\t\t\t\t\t\t<div class=\"elementor-element elementor-element-206b3508 elementor-widget elementor-widget-text-editor\" data-id=\"206b3508\" data-element_type=\"widget\" data-e-type=\"widget\" data-widget_type=\"text-editor.default\">\n\t\t\t\t<div class=\"elementor-widget-container\">\n\t\t\t\t\t\t\t\t\t<div id=\"u1226-4\" class=\"clearfix grpelem shared_content\" data-content-guid=\"u1226-4_content\"><p id=\"u110798-2\">1.\u00a0Cimentar\u00e9 mi\u00a0reputaci\u00f3n en\u00a0la honradez, laboriosidad\u00a0y capacidad t\u00e9cnica\u00a0profesional, observando las normas de \u00c9tica m\u00e1s elevadas en todos mis actos, as\u00ed como el debido decoro e integridad en mi vida social, familiar y profesional.<\/p><p id=\"u110798-3\">\u00a0<\/p><p id=\"u110798-5\">2. Tengo la obligaci\u00f3n de contribuir al enaltecimiento de la profesi\u00f3n, actuando con probidad y buena\u00a0fe,\u00a0cumpliendo con las normas del derecho\u00a0vigente.<\/p><p id=\"u110798-6\">\u00a0<\/p><p id=\"u110798-8\">3. No aceptar\u00e9 la ejecuci\u00f3n de un aval\u00fao fuera de mi especialidad sin solicitar el asesoramiento \u00f3ptimo correspondiente.<\/p><p id=\"u110798-9\">\u00a0<\/p><p id=\"u110798-11\">4.\u00a0No aceptar\u00e9 la\u00a0elaboraci\u00f3n de aval\u00faos, cuando\u00a0se presenten nexos de\u00a0parentesco, beneficio personal, o que tenga un inter\u00e9s pasado, presente o futuro sobre el bien, manifestando que hay conflicto de intereses.<\/p><p id=\"u110798-12\">\u00a0<\/p><p id=\"u110798-14\">5.\u00a0Ser\u00e9 veraz con respecto a\u00a0lo que veo y siento,\u00a0de acuerdo con mis conocimientos, sensibilidad, experiencia y entendimiento, en el momento de efectuar la valuaci\u00f3n y no aceptar\u00e9 influencias extra\u00f1as, presiones ni remuneraciones que hagan variar mi criterio, sosteniendo un criterio libre e imparcial, sin excepci\u00f3n de\u00a0ninguna especie.<\/p><p id=\"u110798-15\">\u00a0<\/p><p id=\"u110798-17\">6.\u00a0Luchar\u00e9 por la\u00a0independencia profesional y econ\u00f3mica\u00a0del valuador, para que\u00a0mi juicio en los aval\u00faos sea imparcial y justo.<\/p><p id=\"u110798-18\">\u00a0<\/p><p id=\"u110798-20\">7. No perjudicar\u00e9 a un colega en su reputaci\u00f3n o competencia, ni interferir\u00e9 en los trabajos del mismo.<\/p><p id=\"u110798-21\">\u00a0<\/p><p id=\"u110798-23\">8. Limitar\u00e9 mi publicidad en forma digna y responsable, exclusivamente a la expresi\u00f3n de mi actividad profesional de valuador, no involucrando otras actividades.<\/p><p id=\"u110798-24\">\u00a0<\/p><p id=\"u110798-26\">9. Los honorarios que fije para el pago de mis servicios como valuador, ser\u00e1n en todo caso justos, racionales y equitativos.<\/p><p id=\"u110798-27\">\u00a0<\/p><p id=\"u110798-29\">10. La violaci\u00f3n de cualquiera de estos preceptos, que sea la sociedad quien me lo demande.<\/p><\/div>\t\t\t\t\t\t\t\t<\/div>\n\t\t\t\t<\/div>\n\t\t\t\t\t<\/div>\n\t\t<\/div>\n\t\t\t\t\t<\/div>\n\t\t<\/section>\n\t\t\t\t\t<\/div>\n\t\t<\/div>\n\t\t\t\t\t<\/div>\n\t\t<\/section>\n\t\t\t\t<section class=\"elementor-section elementor-top-section elementor-element elementor-element-a857d5 elementor-section-boxed elementor-section-height-default elementor-section-height-default\" data-id=\"a857d5\" data-element_type=\"section\" data-e-type=\"section\" data-settings=\"{&quot;background_background&quot;:&quot;classic&quot;}\">\n\t\t\t\t\t\t<div class=\"elementor-container elementor-column-gap-default\">\n\t\t\t\t\t<div class=\"elementor-column elementor-col-100 elementor-top-column elementor-element elementor-element-4866bba3\" data-id=\"4866bba3\" data-element_type=\"column\" data-e-type=\"column\">\n\t\t\t<div class=\"elementor-widget-wrap elementor-element-populated\">\n\t\t\t\t\t\t<div class=\"elementor-element elementor-element-21c02d96 elementor-widget elementor-widget-spacer\" data-id=\"21c02d96\" data-element_type=\"widget\" data-e-type=\"widget\" data-widget_type=\"spacer.default\">\n\t\t\t\t<div class=\"elementor-widget-container\">\n\t\t\t\t\t\t\t<div class=\"elementor-spacer\">\n\t\t\t<div class=\"elementor-spacer-inner\"><\/div>\n\t\t<\/div>\n\t\t\t\t\t\t<\/div>\n\t\t\t\t<\/div>\n\t\t\t\t\t<\/div>\n\t\t<\/div>\n\t\t\t\t\t<\/div>\n\t\t<\/section>\n\t\t\t\t<section class=\"elementor-section elementor-top-section elementor-element elementor-element-78a084b6 elementor-section-boxed elementor-section-height-default elementor-section-height-default\" data-id=\"78a084b6\" data-element_type=\"section\" data-e-type=\"section\">\n\t\t\t\t\t\t<div class=\"elementor-container elementor-column-gap-default\">\n\t\t\t\t\t<div class=\"elementor-column elementor-col-100 elementor-top-column elementor-element elementor-element-709c4190\" data-id=\"709c4190\" data-element_type=\"column\" data-e-type=\"column\">\n\t\t\t<div class=\"elementor-widget-wrap elementor-element-populated\">\n\t\t\t\t\t\t<div class=\"elementor-element elementor-element-41eb33f4 elementor-view-default elementor-widget elementor-widget-icon\" data-id=\"41eb33f4\" data-element_type=\"widget\" data-e-type=\"widget\" data-settings=\"{&quot;_animation&quot;:&quot;none&quot;}\" data-widget_type=\"icon.default\">\n\t\t\t\t<div class=\"elementor-widget-container\">\n\t\t\t\t\t\t\t<div class=\"elementor-icon-wrapper\">\n\t\t\t<a class=\"elementor-icon elementor-animation-grow\" href=\"#INICIO\">\n\t\t\t<i aria-hidden=\"true\" class=\"far fa-arrow-alt-circle-up\"><\/i>\t\t\t<\/a>\n\t\t<\/div>\n\t\t\t\t\t\t<\/div>\n\t\t\t\t<\/div>\n\t\t\t\t\t<\/div>\n\t\t<\/div>\n\t\t\t\t\t<\/div>\n\t\t<\/section>\n\t\t\t\t<\/div>\n\t\t","protected":false},"excerpt":{"rendered":"<p>Art\u00edculos Covatam Art\u00edculos de inter\u00e9s para el Valuador. PR\u00d3XIMAMENTE DEC\u00c1LOGO DEL VALUADOR 1.\u00a0Cimentar\u00e9 mi\u00a0reputaci\u00f3n en\u00a0la honradez, laboriosidad\u00a0y capacidad t\u00e9cnica\u00a0profesional, observando las normas de \u00c9tica m\u00e1s elevadas en todos mis actos, as\u00ed como el debido decoro e integridad en mi vida social, familiar y profesional. \u00a0 2. Tengo la obligaci\u00f3n de contribuir al enaltecimiento de la [&hellip;]<\/p>\n","protected":false},"author":1,"featured_media":0,"parent":0,"menu_order":0,"comment_status":"closed","ping_status":"closed","template":"elementor_canvas","meta":{"footnotes":""},"class_list":["post-73","page","type-page","status-publish","hentry"],"yoast_head":"<!-- This site is optimized with the Yoast SEO plugin v27.4 - https:\/\/yoast.com\/product\/yoast-seo-wordpress\/ -->\n<title>Art\u00edculos | Colegio de Valuadores Profesionales de Tamaulipas A.C. | COVATAM - covatam.com<\/title>\n<meta name=\"robots\" content=\"index, follow, max-snippet:-1, max-image-preview:large, max-video-preview:-1\" \/>\n<link rel=\"canonical\" href=\"https:\/\/covatam.com\/index.php\/articulos-colegio-de-valuadores-profesionales-de-tamaulipas-a-c-covatam\/\" \/>\n<meta property=\"og:locale\" content=\"es_MX\" \/>\n<meta property=\"og:type\" content=\"article\" \/>\n<meta property=\"og:title\" content=\"Art\u00edculos | Colegio de Valuadores Profesionales de Tamaulipas A.C. | COVATAM - covatam.com\" \/>\n<meta property=\"og:description\" content=\"Art\u00edculos Covatam Art\u00edculos de inter\u00e9s para el Valuador. PR\u00d3XIMAMENTE DEC\u00c1LOGO DEL VALUADOR 1.\u00a0Cimentar\u00e9 mi\u00a0reputaci\u00f3n en\u00a0la honradez, laboriosidad\u00a0y capacidad t\u00e9cnica\u00a0profesional, observando las normas de \u00c9tica m\u00e1s elevadas en todos mis actos, as\u00ed como el debido decoro e integridad en mi vida social, familiar y profesional. \u00a0 2. Tengo la obligaci\u00f3n de contribuir al enaltecimiento de la [&hellip;]\" \/>\n<meta property=\"og:url\" content=\"https:\/\/covatam.com\/index.php\/articulos-colegio-de-valuadores-profesionales-de-tamaulipas-a-c-covatam\/\" \/>\n<meta property=\"og:site_name\" content=\"covatam.com\" \/>\n<meta property=\"article:modified_time\" content=\"2021-08-23T00:05:14+00:00\" \/>\n<meta name=\"twitter:card\" content=\"summary_large_image\" \/>\n<meta name=\"twitter:label1\" content=\"Tiempo de lectura\" \/>\n\t<meta name=\"twitter:data1\" content=\"1 minuto\" \/>\n<script type=\"application\/ld+json\" class=\"yoast-schema-graph\">{\"@context\":\"https:\\\/\\\/schema.org\",\"@graph\":[{\"@type\":\"WebPage\",\"@id\":\"https:\\\/\\\/covatam.com\\\/index.php\\\/articulos-colegio-de-valuadores-profesionales-de-tamaulipas-a-c-covatam\\\/\",\"url\":\"https:\\\/\\\/covatam.com\\\/index.php\\\/articulos-colegio-de-valuadores-profesionales-de-tamaulipas-a-c-covatam\\\/\",\"name\":\"Art\u00edculos | Colegio de Valuadores Profesionales de Tamaulipas A.C. | COVATAM - covatam.com\",\"isPartOf\":{\"@id\":\"https:\\\/\\\/covatam.com\\\/#website\"},\"datePublished\":\"2021-03-11T02:39:09+00:00\",\"dateModified\":\"2021-08-23T00:05:14+00:00\",\"breadcrumb\":{\"@id\":\"https:\\\/\\\/covatam.com\\\/index.php\\\/articulos-colegio-de-valuadores-profesionales-de-tamaulipas-a-c-covatam\\\/#breadcrumb\"},\"inLanguage\":\"es\",\"potentialAction\":[{\"@type\":\"ReadAction\",\"target\":[\"https:\\\/\\\/covatam.com\\\/index.php\\\/articulos-colegio-de-valuadores-profesionales-de-tamaulipas-a-c-covatam\\\/\"]}]},{\"@type\":\"BreadcrumbList\",\"@id\":\"https:\\\/\\\/covatam.com\\\/index.php\\\/articulos-colegio-de-valuadores-profesionales-de-tamaulipas-a-c-covatam\\\/#breadcrumb\",\"itemListElement\":[{\"@type\":\"ListItem\",\"position\":1,\"name\":\"Inicio\",\"item\":\"https:\\\/\\\/covatam.com\\\/\"},{\"@type\":\"ListItem\",\"position\":2,\"name\":\"Art\u00edculos | Colegio de Valuadores Profesionales de Tamaulipas A.C. | COVATAM\"}]},{\"@type\":\"WebSite\",\"@id\":\"https:\\\/\\\/covatam.com\\\/#website\",\"url\":\"https:\\\/\\\/covatam.com\\\/\",\"name\":\"covatam.com\",\"description\":\"Colegio de Valuadores Profesionales de Tamaulipas A.C.\",\"publisher\":{\"@id\":\"https:\\\/\\\/covatam.com\\\/#organization\"},\"potentialAction\":[{\"@type\":\"SearchAction\",\"target\":{\"@type\":\"EntryPoint\",\"urlTemplate\":\"https:\\\/\\\/covatam.com\\\/?s={search_term_string}\"},\"query-input\":{\"@type\":\"PropertyValueSpecification\",\"valueRequired\":true,\"valueName\":\"search_term_string\"}}],\"inLanguage\":\"es\"},{\"@type\":\"Organization\",\"@id\":\"https:\\\/\\\/covatam.com\\\/#organization\",\"name\":\"covatam.com\",\"url\":\"https:\\\/\\\/covatam.com\\\/\",\"logo\":{\"@type\":\"ImageObject\",\"inLanguage\":\"es\",\"@id\":\"https:\\\/\\\/covatam.com\\\/#\\\/schema\\\/logo\\\/image\\\/\",\"url\":\"https:\\\/\\\/covatam.com\\\/wp-content\\\/uploads\\\/2021\\\/03\\\/Covatam-web-72.png\",\"contentUrl\":\"https:\\\/\\\/covatam.com\\\/wp-content\\\/uploads\\\/2021\\\/03\\\/Covatam-web-72.png\",\"width\":210,\"height\":29,\"caption\":\"covatam.com\"},\"image\":{\"@id\":\"https:\\\/\\\/covatam.com\\\/#\\\/schema\\\/logo\\\/image\\\/\"}}]}<\/script>\n<!-- \/ Yoast SEO plugin. -->","yoast_head_json":{"title":"Art\u00edculos | Colegio de Valuadores Profesionales de Tamaulipas A.C. | COVATAM - covatam.com","robots":{"index":"index","follow":"follow","max-snippet":"max-snippet:-1","max-image-preview":"max-image-preview:large","max-video-preview":"max-video-preview:-1"},"canonical":"https:\/\/covatam.com\/index.php\/articulos-colegio-de-valuadores-profesionales-de-tamaulipas-a-c-covatam\/","og_locale":"es_MX","og_type":"article","og_title":"Art\u00edculos | Colegio de Valuadores Profesionales de Tamaulipas A.C. | COVATAM - covatam.com","og_description":"Art\u00edculos Covatam Art\u00edculos de inter\u00e9s para el Valuador. PR\u00d3XIMAMENTE DEC\u00c1LOGO DEL VALUADOR 1.\u00a0Cimentar\u00e9 mi\u00a0reputaci\u00f3n en\u00a0la honradez, laboriosidad\u00a0y capacidad t\u00e9cnica\u00a0profesional, observando las normas de \u00c9tica m\u00e1s elevadas en todos mis actos, as\u00ed como el debido decoro e integridad en mi vida social, familiar y profesional. \u00a0 2. Tengo la obligaci\u00f3n de contribuir al enaltecimiento de la [&hellip;]","og_url":"https:\/\/covatam.com\/index.php\/articulos-colegio-de-valuadores-profesionales-de-tamaulipas-a-c-covatam\/","og_site_name":"covatam.com","article_modified_time":"2021-08-23T00:05:14+00:00","twitter_card":"summary_large_image","twitter_misc":{"Tiempo de lectura":"1 minuto"},"schema":{"@context":"https:\/\/schema.org","@graph":[{"@type":"WebPage","@id":"https:\/\/covatam.com\/index.php\/articulos-colegio-de-valuadores-profesionales-de-tamaulipas-a-c-covatam\/","url":"https:\/\/covatam.com\/index.php\/articulos-colegio-de-valuadores-profesionales-de-tamaulipas-a-c-covatam\/","name":"Art\u00edculos | Colegio de Valuadores Profesionales de Tamaulipas A.C. | COVATAM - covatam.com","isPartOf":{"@id":"https:\/\/covatam.com\/#website"},"datePublished":"2021-03-11T02:39:09+00:00","dateModified":"2021-08-23T00:05:14+00:00","breadcrumb":{"@id":"https:\/\/covatam.com\/index.php\/articulos-colegio-de-valuadores-profesionales-de-tamaulipas-a-c-covatam\/#breadcrumb"},"inLanguage":"es","potentialAction":[{"@type":"ReadAction","target":["https:\/\/covatam.com\/index.php\/articulos-colegio-de-valuadores-profesionales-de-tamaulipas-a-c-covatam\/"]}]},{"@type":"BreadcrumbList","@id":"https:\/\/covatam.com\/index.php\/articulos-colegio-de-valuadores-profesionales-de-tamaulipas-a-c-covatam\/#breadcrumb","itemListElement":[{"@type":"ListItem","position":1,"name":"Inicio","item":"https:\/\/covatam.com\/"},{"@type":"ListItem","position":2,"name":"Art\u00edculos | Colegio de Valuadores Profesionales de Tamaulipas A.C. | COVATAM"}]},{"@type":"WebSite","@id":"https:\/\/covatam.com\/#website","url":"https:\/\/covatam.com\/","name":"covatam.com","description":"Colegio de Valuadores Profesionales de Tamaulipas A.C.","publisher":{"@id":"https:\/\/covatam.com\/#organization"},"potentialAction":[{"@type":"SearchAction","target":{"@type":"EntryPoint","urlTemplate":"https:\/\/covatam.com\/?s={search_term_string}"},"query-input":{"@type":"PropertyValueSpecification","valueRequired":true,"valueName":"search_term_string"}}],"inLanguage":"es"},{"@type":"Organization","@id":"https:\/\/covatam.com\/#organization","name":"covatam.com","url":"https:\/\/covatam.com\/","logo":{"@type":"ImageObject","inLanguage":"es","@id":"https:\/\/covatam.com\/#\/schema\/logo\/image\/","url":"https:\/\/covatam.com\/wp-content\/uploads\/2021\/03\/Covatam-web-72.png","contentUrl":"https:\/\/covatam.com\/wp-content\/uploads\/2021\/03\/Covatam-web-72.png","width":210,"height":29,"caption":"covatam.com"},"image":{"@id":"https:\/\/covatam.com\/#\/schema\/logo\/image\/"}}]}},"_links":{"self":[{"href":"https:\/\/covatam.com\/index.php\/wp-json\/wp\/v2\/pages\/73","targetHints":{"allow":["GET"]}}],"collection":[{"href":"https:\/\/covatam.com\/index.php\/wp-json\/wp\/v2\/pages"}],"about":[{"href":"https:\/\/covatam.com\/index.php\/wp-json\/wp\/v2\/types\/page"}],"author":[{"embeddable":true,"href":"https:\/\/covatam.com\/index.php\/wp-json\/wp\/v2\/users\/1"}],"replies":[{"embeddable":true,"href":"https:\/\/covatam.com\/index.php\/wp-json\/wp\/v2\/comments?post=73"}],"version-history":[{"count":25,"href":"https:\/\/covatam.com\/index.php\/wp-json\/wp\/v2\/pages\/73\/revisions"}],"predecessor-version":[{"id":1060,"href":"https:\/\/covatam.com\/index.php\/wp-json\/wp\/v2\/pages\/73\/revisions\/1060"}],"wp:attachment":[{"href":"https:\/\/covatam.com\/index.php\/wp-json\/wp\/v2\/media?parent=73"}],"curies":[{"name":"wp","href":"https:\/\/api.w.org\/{rel}","templated":true}]}}