{"id":936,"date":"2021-08-22T22:06:05","date_gmt":"2021-08-22T22:06:05","guid":{"rendered":"https:\/\/covatam.com\/?page_id=936"},"modified":"2021-08-30T03:10:55","modified_gmt":"2021-08-30T03:10:55","slug":"cursos-resumen-naves-industriales-colegio-de-valuadores-profesionales-de-tamaulipas-a-c-covatam","status":"publish","type":"page","link":"https:\/\/covatam.com\/index.php\/cursos-resumen-naves-industriales-colegio-de-valuadores-profesionales-de-tamaulipas-a-c-covatam\/","title":{"rendered":"Cursos &#8211; Resumen Naves Industriales | Colegio de Valuadores Profesionales de Tamaulipas A.C. | COVATAM"},"content":{"rendered":"\t\t<div data-elementor-type=\"wp-page\" data-elementor-id=\"936\" class=\"elementor elementor-936\">\n\t\t\t\t\t\t<section class=\"elementor-section elementor-top-section elementor-element elementor-element-340c42b4 elementor-section-boxed elementor-section-height-default elementor-section-height-default elementor-invisible\" data-id=\"340c42b4\" data-element_type=\"section\" data-e-type=\"section\" data-settings=\"{&quot;animation&quot;:&quot;slideInUp&quot;}\">\n\t\t\t\t\t\t<div class=\"elementor-container elementor-column-gap-default\">\n\t\t\t\t\t<div class=\"elementor-column elementor-col-100 elementor-top-column elementor-element elementor-element-664023f0\" data-id=\"664023f0\" data-element_type=\"column\" data-e-type=\"column\">\n\t\t\t<div class=\"elementor-widget-wrap elementor-element-populated\">\n\t\t\t\t\t\t<div class=\"elementor-element elementor-element-2fd5c754 elementor-widget elementor-widget-text-editor\" data-id=\"2fd5c754\" data-element_type=\"widget\" data-e-type=\"widget\" data-widget_type=\"text-editor.default\">\n\t\t\t\t<div class=\"elementor-widget-container\">\n\t\t\t\t\t\t\t\t\t<p>Cursos<strong> Covatam <\/strong>Resumen<\/p>\t\t\t\t\t\t\t\t<\/div>\n\t\t\t\t<\/div>\n\t\t\t\t\t<\/div>\n\t\t<\/div>\n\t\t\t\t\t<\/div>\n\t\t<\/section>\n\t\t\t\t<section class=\"elementor-section elementor-top-section elementor-element elementor-element-77a5d78 elementor-section-boxed elementor-section-height-default elementor-section-height-default\" data-id=\"77a5d78\" data-element_type=\"section\" data-e-type=\"section\" data-settings=\"{&quot;background_background&quot;:&quot;classic&quot;}\">\n\t\t\t\t\t\t<div class=\"elementor-container elementor-column-gap-default\">\n\t\t\t\t\t<div class=\"elementor-column elementor-col-100 elementor-top-column elementor-element elementor-element-122540b\" data-id=\"122540b\" data-element_type=\"column\" data-e-type=\"column\">\n\t\t\t<div class=\"elementor-widget-wrap elementor-element-populated\">\n\t\t\t\t\t\t<div class=\"elementor-element elementor-element-73c8c0e elementor-widget elementor-widget-image\" data-id=\"73c8c0e\" data-element_type=\"widget\" data-e-type=\"widget\" data-widget_type=\"image.default\">\n\t\t\t\t<div class=\"elementor-widget-container\">\n\t\t\t\t\t\t\t\t\t\t\t\t\t\t\t<img fetchpriority=\"high\" decoding=\"async\" width=\"2560\" height=\"801\" src=\"https:\/\/covatam.com\/wp-content\/uploads\/2021\/03\/CURSO-logo-Naves-Industriales-LOGO-scaled.jpg\" class=\"attachment-full size-full wp-image-167\" alt=\"\" srcset=\"https:\/\/covatam.com\/wp-content\/uploads\/2021\/03\/CURSO-logo-Naves-Industriales-LOGO-scaled.jpg 2560w, https:\/\/covatam.com\/wp-content\/uploads\/2021\/03\/CURSO-logo-Naves-Industriales-LOGO-300x94.jpg 300w, https:\/\/covatam.com\/wp-content\/uploads\/2021\/03\/CURSO-logo-Naves-Industriales-LOGO-1024x321.jpg 1024w, https:\/\/covatam.com\/wp-content\/uploads\/2021\/03\/CURSO-logo-Naves-Industriales-LOGO-768x240.jpg 768w, https:\/\/covatam.com\/wp-content\/uploads\/2021\/03\/CURSO-logo-Naves-Industriales-LOGO-1536x481.jpg 1536w, https:\/\/covatam.com\/wp-content\/uploads\/2021\/03\/CURSO-logo-Naves-Industriales-LOGO-2048x641.jpg 2048w\" sizes=\"(max-width: 2560px) 100vw, 2560px\" \/>\t\t\t\t\t\t\t\t\t\t\t\t\t\t\t<\/div>\n\t\t\t\t<\/div>\n\t\t\t\t\t<\/div>\n\t\t<\/div>\n\t\t\t\t\t<\/div>\n\t\t<\/section>\n\t\t\t\t<section class=\"elementor-section elementor-top-section elementor-element elementor-element-24fab9b elementor-section-boxed elementor-section-height-default elementor-section-height-default\" data-id=\"24fab9b\" data-element_type=\"section\" data-e-type=\"section\" data-settings=\"{&quot;background_background&quot;:&quot;classic&quot;}\">\n\t\t\t\t\t\t\t<div class=\"elementor-background-overlay\"><\/div>\n\t\t\t\t\t\t\t<div class=\"elementor-container elementor-column-gap-default\">\n\t\t\t\t\t<div class=\"elementor-column elementor-col-100 elementor-top-column elementor-element elementor-element-08ef768\" data-id=\"08ef768\" data-element_type=\"column\" data-e-type=\"column\">\n\t\t\t<div class=\"elementor-widget-wrap elementor-element-populated\">\n\t\t\t\t\t\t<section class=\"elementor-section elementor-inner-section elementor-element elementor-element-b703913 elementor-section-boxed elementor-section-height-default elementor-section-height-default\" data-id=\"b703913\" data-element_type=\"section\" data-e-type=\"section\">\n\t\t\t\t\t\t<div class=\"elementor-container elementor-column-gap-default\">\n\t\t\t\t\t<div class=\"elementor-column elementor-col-100 elementor-inner-column elementor-element elementor-element-00bb76d\" data-id=\"00bb76d\" data-element_type=\"column\" data-e-type=\"column\">\n\t\t\t<div class=\"elementor-widget-wrap elementor-element-populated\">\n\t\t\t\t\t\t<div class=\"elementor-element elementor-element-8fbf7e7 elementor-widget elementor-widget-image\" data-id=\"8fbf7e7\" data-element_type=\"widget\" data-e-type=\"widget\" data-widget_type=\"image.default\">\n\t\t\t\t<div class=\"elementor-widget-container\">\n\t\t\t\t\t\t\t\t\t\t\t\t\t\t\t<img decoding=\"async\" width=\"326\" height=\"428\" src=\"https:\/\/covatam.com\/wp-content\/uploads\/2021\/08\/E.V.I.-ING.-Juan-Antonio-Gomez-Velazquez.jpg\" class=\"attachment-large size-large wp-image-939\" alt=\"\" srcset=\"https:\/\/covatam.com\/wp-content\/uploads\/2021\/08\/E.V.I.-ING.-Juan-Antonio-Gomez-Velazquez.jpg 326w, https:\/\/covatam.com\/wp-content\/uploads\/2021\/08\/E.V.I.-ING.-Juan-Antonio-Gomez-Velazquez-229x300.jpg 229w\" sizes=\"(max-width: 326px) 100vw, 326px\" \/>\t\t\t\t\t\t\t\t\t\t\t\t\t\t\t<\/div>\n\t\t\t\t<\/div>\n\t\t\t\t<div class=\"elementor-element elementor-element-6889e43 elementor-widget elementor-widget-text-editor\" data-id=\"6889e43\" data-element_type=\"widget\" data-e-type=\"widget\" data-widget_type=\"text-editor.default\">\n\t\t\t\t<div class=\"elementor-widget-container\">\n\t\t\t\t\t\t\t\t\t<p id=\"u157617-2\"><strong>E.V.I. ING. Juan Antonio G\u00f3mez Vel\u00e1zquez<\/strong><\/p><p>VALUADOR DE INMUEBLES MAQUINARIA Y EQUIPO<\/p><p id=\"u157617-7\"><strong>43 a\u00f1os Profesor en la Universidad Nacional Aut\u00f3noma de M\u00e9xico<\/strong><\/p>\t\t\t\t\t\t\t\t<\/div>\n\t\t\t\t<\/div>\n\t\t\t\t<div class=\"elementor-element elementor-element-9a6ff1e elementor-widget elementor-widget-text-editor\" data-id=\"9a6ff1e\" data-element_type=\"widget\" data-e-type=\"widget\" data-widget_type=\"text-editor.default\">\n\t\t\t\t<div class=\"elementor-widget-container\">\n\t\t\t\t\t\t\t\t\t<p>.- Integrante del Consejo T\u00e9cnico de la Federaci\u00f3n de Colegios de Valuadores (FECOVAL)<\/p><p>.-Comisionado ante INDAABIN por el Colegio de Ingenieros Civiles de M\u00e9xico por dos periodos consecutivos ( 2008 a 2012 )<\/p><p>.-Integrante\u00a0 de\u00a0 la\u00a0 Sociedad\u00a0 de\u00a0 Ingenieros\u00a0 Civiles\u00a0 Valuadores\u00a0 de\u00a0 la\u00a0 ciudad\u00a0 de\u00a0 M\u00e9xico (CDMX)<\/p><p>.-Ingenier\u00eda Civil y Posgrado en Valuaci\u00f3n, ambos grados adquiridos en la Universidad\u00a0 Nacional Aut\u00f3noma de M\u00e9xico<\/p><p>.-Reconocimiento\u00a0 Nacional\u00a0 \u201cIng.\u00a0 Agust\u00edn\u00a0 Mart\u00ednez\u00a0 Torres\u201d\u00a0 precursor\u00a0 de\u00a0 la\u00a0 actividad valuatoria en M\u00e9xico<\/p><p>.-Medalla Reconocimiento al M\u00e9rito Universitario otorgado por la Universidad Nacional Aut\u00f3noma de M\u00e9xico 2012<\/p><p>Libro Digital sobre Temas Selectos de Valuaci\u00f3n presentado en el Congreso Internacional de Valuaci\u00f3n celebrado en Tijuana M\u00e9xico que contiene los 22 cursos expuestos en M\u00e9xico y Am\u00e9rica Latina.<\/p><p>.-Autor de los libros editados por la UNAM o FUNDAMENTOS DE MATEM\u00c1TICAS o MATEM\u00c1TICAS RECREATIVAS PARA NO MATEM\u00c1TICOS<\/p><p>.-Conductor de cursos y conferencista en M\u00e9xico y Am\u00e9rica Latina sobre temas de Valuaci\u00f3n en los \u00faltimos 20 a\u00f1os.<\/p><p>.-Valuador durante 32 a\u00f1os de Inmuebles, Maquinaria y Equipo en Instituciones Financieras de M\u00e9xico y como Perito Independiente.<\/p><p>.-Reconocimientos a Ponencias expuestas en Congresos Nacionales y Panamericanos.<\/p>\t\t\t\t\t\t\t\t<\/div>\n\t\t\t\t<\/div>\n\t\t\t\t\t<\/div>\n\t\t<\/div>\n\t\t\t\t\t<\/div>\n\t\t<\/section>\n\t\t\t\t\t<\/div>\n\t\t<\/div>\n\t\t\t\t\t<\/div>\n\t\t<\/section>\n\t\t\t\t<section class=\"elementor-section elementor-top-section elementor-element elementor-element-f56db26 elementor-section-boxed elementor-section-height-default elementor-section-height-default\" data-id=\"f56db26\" data-element_type=\"section\" data-e-type=\"section\">\n\t\t\t\t\t\t<div class=\"elementor-container elementor-column-gap-default\">\n\t\t\t\t\t<div class=\"elementor-column elementor-col-100 elementor-top-column elementor-element elementor-element-9dfa837\" data-id=\"9dfa837\" data-element_type=\"column\" data-e-type=\"column\">\n\t\t\t<div class=\"elementor-widget-wrap elementor-element-populated\">\n\t\t\t\t\t\t<div class=\"elementor-element elementor-element-4e598eb elementor-widget elementor-widget-text-editor\" data-id=\"4e598eb\" data-element_type=\"widget\" data-e-type=\"widget\" data-widget_type=\"text-editor.default\">\n\t\t\t\t<div class=\"elementor-widget-container\">\n\t\t\t\t\t\t\t\t\t<p id=\"u157518-2\"><strong>RESUMEN<\/strong><\/p><p id=\"u157518-4\"><strong>Valuaci\u00f3n de Naves Industriales<\/strong><\/p><p><span id=\"u157518-6\">Objetivo:<\/span>\u00a0Identificar para efecto de aval\u00fao, soluciones constructivas y estructurales de un inmueble para desarrollo de procesos productos industriales.<\/p><p><span id=\"u157518-9\">Justificaci\u00f3n:\u00a0<\/span>Es prioritario para el valuador, identificar cu\u00e1ndo un inmueble tan solo cumple funciones de acopio y cu\u00e1ndo en \u00e9l, hay instalaciones para cumplir un proceso productivo industrial.<\/p><p id=\"u157518-14\"><strong>CONTENIDO<\/strong><\/p><p id=\"u157518-17\">Antecedentes<\/p><p>I. Estudio de sitio de zonas o parques industriales (Trabajo de campo)<\/p><p>II. Interacci\u00f3n suelo estructura en naves industriales<\/p><p>III. Definici\u00f3n de Uso, Rango de niveles y Clase para selecci\u00f3n de VRN aplicable<\/p><p>IV. Instalaciones Especiales, Accesorias y Complementarias<\/p><p>V. Alternativas para definir p\u00e9rdida de valor en edificaci\u00f3n e instalaciones<\/p><p>VI. M\u00e9todos de valuaci\u00f3n aplicables, seg\u00fan el prop\u00f3sito del aval\u00fao<\/p><p>VII. Estudios de Caso para concluir valores de naves industriales por el prop\u00f3sito del aval\u00fao<\/p>\t\t\t\t\t\t\t\t<\/div>\n\t\t\t\t<\/div>\n\t\t\t\t\t<\/div>\n\t\t<\/div>\n\t\t\t\t\t<\/div>\n\t\t<\/section>\n\t\t\t\t<section class=\"elementor-section elementor-top-section elementor-element elementor-element-bad5def elementor-section-boxed elementor-section-height-default elementor-section-height-default\" data-id=\"bad5def\" data-element_type=\"section\" data-e-type=\"section\" data-settings=\"{&quot;background_background&quot;:&quot;classic&quot;}\">\n\t\t\t\t\t\t<div class=\"elementor-container elementor-column-gap-default\">\n\t\t\t\t\t<div class=\"elementor-column elementor-col-100 elementor-top-column elementor-element elementor-element-ae741eb\" data-id=\"ae741eb\" data-element_type=\"column\" data-e-type=\"column\">\n\t\t\t<div class=\"elementor-widget-wrap elementor-element-populated\">\n\t\t\t\t\t\t<div class=\"elementor-element elementor-element-68b9a4f elementor-widget elementor-widget-image\" data-id=\"68b9a4f\" data-element_type=\"widget\" data-e-type=\"widget\" data-widget_type=\"image.default\">\n\t\t\t\t<div class=\"elementor-widget-container\">\n\t\t\t\t\t\t\t\t\t\t\t\t\t\t\t<img decoding=\"async\" width=\"374\" height=\"500\" src=\"https:\/\/covatam.com\/wp-content\/uploads\/2021\/03\/COVATAM-logo-Portada.jpg\" class=\"attachment-large size-large wp-image-99\" alt=\"\" srcset=\"https:\/\/covatam.com\/wp-content\/uploads\/2021\/03\/COVATAM-logo-Portada.jpg 374w, https:\/\/covatam.com\/wp-content\/uploads\/2021\/03\/COVATAM-logo-Portada-224x300.jpg 224w\" sizes=\"(max-width: 374px) 100vw, 374px\" \/>\t\t\t\t\t\t\t\t\t\t\t\t\t\t\t<\/div>\n\t\t\t\t<\/div>\n\t\t\t\t\t<\/div>\n\t\t<\/div>\n\t\t\t\t\t<\/div>\n\t\t<\/section>\n\t\t\t\t<section class=\"elementor-section elementor-top-section elementor-element elementor-element-241f940b elementor-section-boxed elementor-section-height-default elementor-section-height-default\" data-id=\"241f940b\" data-element_type=\"section\" data-e-type=\"section\">\n\t\t\t\t\t\t<div class=\"elementor-container elementor-column-gap-default\">\n\t\t\t\t\t<div class=\"elementor-column elementor-col-100 elementor-top-column elementor-element elementor-element-585cbafa\" data-id=\"585cbafa\" data-element_type=\"column\" data-e-type=\"column\">\n\t\t\t<div class=\"elementor-widget-wrap elementor-element-populated\">\n\t\t\t\t\t\t<div class=\"elementor-element elementor-element-5f120a78 elementor-view-default elementor-widget elementor-widget-icon\" data-id=\"5f120a78\" data-element_type=\"widget\" data-e-type=\"widget\" data-widget_type=\"icon.default\">\n\t\t\t\t<div class=\"elementor-widget-container\">\n\t\t\t\t\t\t\t<div class=\"elementor-icon-wrapper\">\n\t\t\t<a class=\"elementor-icon\" href=\"#INICIO\">\n\t\t\t<i aria-hidden=\"true\" class=\"far fa-arrow-alt-circle-up\"><\/i>\t\t\t<\/a>\n\t\t<\/div>\n\t\t\t\t\t\t<\/div>\n\t\t\t\t<\/div>\n\t\t\t\t\t<\/div>\n\t\t<\/div>\n\t\t\t\t\t<\/div>\n\t\t<\/section>\n\t\t\t\t<\/div>\n\t\t","protected":false},"excerpt":{"rendered":"<p>Cursos Covatam Resumen E.V.I. ING. Juan Antonio G\u00f3mez Vel\u00e1zquez VALUADOR DE INMUEBLES MAQUINARIA Y EQUIPO 43 a\u00f1os Profesor en la Universidad Nacional Aut\u00f3noma de M\u00e9xico .- Integrante del Consejo T\u00e9cnico de la Federaci\u00f3n de Colegios de Valuadores (FECOVAL) .-Comisionado ante INDAABIN por el Colegio de Ingenieros Civiles de M\u00e9xico por dos periodos consecutivos ( 2008 [&hellip;]<\/p>\n","protected":false},"author":1,"featured_media":0,"parent":0,"menu_order":0,"comment_status":"closed","ping_status":"closed","template":"elementor_canvas","meta":{"footnotes":""},"class_list":["post-936","page","type-page","status-publish","hentry"],"yoast_head":"<!-- This site is optimized with the Yoast SEO plugin v27.4 - https:\/\/yoast.com\/product\/yoast-seo-wordpress\/ -->\n<title>Cursos - Resumen Naves Industriales | Colegio de Valuadores Profesionales de Tamaulipas A.C. | COVATAM - covatam.com<\/title>\n<meta name=\"robots\" content=\"index, follow, max-snippet:-1, max-image-preview:large, max-video-preview:-1\" \/>\n<link rel=\"canonical\" href=\"https:\/\/covatam.com\/index.php\/cursos-resumen-naves-industriales-colegio-de-valuadores-profesionales-de-tamaulipas-a-c-covatam\/\" \/>\n<meta property=\"og:locale\" content=\"es_MX\" \/>\n<meta property=\"og:type\" content=\"article\" \/>\n<meta property=\"og:title\" content=\"Cursos - Resumen Naves Industriales | Colegio de Valuadores Profesionales de Tamaulipas A.C. | COVATAM - covatam.com\" \/>\n<meta property=\"og:description\" content=\"Cursos Covatam Resumen E.V.I. ING. Juan Antonio G\u00f3mez Vel\u00e1zquez VALUADOR DE INMUEBLES MAQUINARIA Y EQUIPO 43 a\u00f1os Profesor en la Universidad Nacional Aut\u00f3noma de M\u00e9xico .- Integrante del Consejo T\u00e9cnico de la Federaci\u00f3n de Colegios de Valuadores (FECOVAL) .-Comisionado ante INDAABIN por el Colegio de Ingenieros Civiles de M\u00e9xico por dos periodos consecutivos ( 2008 [&hellip;]\" \/>\n<meta property=\"og:url\" content=\"https:\/\/covatam.com\/index.php\/cursos-resumen-naves-industriales-colegio-de-valuadores-profesionales-de-tamaulipas-a-c-covatam\/\" \/>\n<meta property=\"og:site_name\" content=\"covatam.com\" \/>\n<meta property=\"article:modified_time\" content=\"2021-08-30T03:10:55+00:00\" \/>\n<meta property=\"og:image\" content=\"https:\/\/covatam.com\/wp-content\/uploads\/2021\/03\/CURSO-logo-Naves-Industriales-LOGO-scaled.jpg\" \/>\n\t<meta property=\"og:image:width\" content=\"2560\" \/>\n\t<meta property=\"og:image:height\" content=\"801\" \/>\n\t<meta property=\"og:image:type\" content=\"image\/jpeg\" \/>\n<meta name=\"twitter:card\" content=\"summary_large_image\" \/>\n<meta name=\"twitter:label1\" content=\"Tiempo de lectura\" \/>\n\t<meta name=\"twitter:data1\" content=\"2 minutos\" \/>\n<script type=\"application\/ld+json\" class=\"yoast-schema-graph\">{\"@context\":\"https:\\\/\\\/schema.org\",\"@graph\":[{\"@type\":\"WebPage\",\"@id\":\"https:\\\/\\\/covatam.com\\\/index.php\\\/cursos-resumen-naves-industriales-colegio-de-valuadores-profesionales-de-tamaulipas-a-c-covatam\\\/\",\"url\":\"https:\\\/\\\/covatam.com\\\/index.php\\\/cursos-resumen-naves-industriales-colegio-de-valuadores-profesionales-de-tamaulipas-a-c-covatam\\\/\",\"name\":\"Cursos - Resumen Naves Industriales | Colegio de Valuadores Profesionales de Tamaulipas A.C. | COVATAM - covatam.com\",\"isPartOf\":{\"@id\":\"https:\\\/\\\/covatam.com\\\/#website\"},\"primaryImageOfPage\":{\"@id\":\"https:\\\/\\\/covatam.com\\\/index.php\\\/cursos-resumen-naves-industriales-colegio-de-valuadores-profesionales-de-tamaulipas-a-c-covatam\\\/#primaryimage\"},\"image\":{\"@id\":\"https:\\\/\\\/covatam.com\\\/index.php\\\/cursos-resumen-naves-industriales-colegio-de-valuadores-profesionales-de-tamaulipas-a-c-covatam\\\/#primaryimage\"},\"thumbnailUrl\":\"https:\\\/\\\/covatam.com\\\/wp-content\\\/uploads\\\/2021\\\/03\\\/CURSO-logo-Naves-Industriales-LOGO-scaled.jpg\",\"datePublished\":\"2021-08-22T22:06:05+00:00\",\"dateModified\":\"2021-08-30T03:10:55+00:00\",\"breadcrumb\":{\"@id\":\"https:\\\/\\\/covatam.com\\\/index.php\\\/cursos-resumen-naves-industriales-colegio-de-valuadores-profesionales-de-tamaulipas-a-c-covatam\\\/#breadcrumb\"},\"inLanguage\":\"es\",\"potentialAction\":[{\"@type\":\"ReadAction\",\"target\":[\"https:\\\/\\\/covatam.com\\\/index.php\\\/cursos-resumen-naves-industriales-colegio-de-valuadores-profesionales-de-tamaulipas-a-c-covatam\\\/\"]}]},{\"@type\":\"ImageObject\",\"inLanguage\":\"es\",\"@id\":\"https:\\\/\\\/covatam.com\\\/index.php\\\/cursos-resumen-naves-industriales-colegio-de-valuadores-profesionales-de-tamaulipas-a-c-covatam\\\/#primaryimage\",\"url\":\"https:\\\/\\\/covatam.com\\\/wp-content\\\/uploads\\\/2021\\\/03\\\/CURSO-logo-Naves-Industriales-LOGO-scaled.jpg\",\"contentUrl\":\"https:\\\/\\\/covatam.com\\\/wp-content\\\/uploads\\\/2021\\\/03\\\/CURSO-logo-Naves-Industriales-LOGO-scaled.jpg\",\"width\":2560,\"height\":801},{\"@type\":\"BreadcrumbList\",\"@id\":\"https:\\\/\\\/covatam.com\\\/index.php\\\/cursos-resumen-naves-industriales-colegio-de-valuadores-profesionales-de-tamaulipas-a-c-covatam\\\/#breadcrumb\",\"itemListElement\":[{\"@type\":\"ListItem\",\"position\":1,\"name\":\"Inicio\",\"item\":\"https:\\\/\\\/covatam.com\\\/\"},{\"@type\":\"ListItem\",\"position\":2,\"name\":\"Cursos &#8211; Resumen Naves Industriales | Colegio de Valuadores Profesionales de Tamaulipas A.C. | COVATAM\"}]},{\"@type\":\"WebSite\",\"@id\":\"https:\\\/\\\/covatam.com\\\/#website\",\"url\":\"https:\\\/\\\/covatam.com\\\/\",\"name\":\"covatam.com\",\"description\":\"Colegio de Valuadores Profesionales de Tamaulipas A.C.\",\"publisher\":{\"@id\":\"https:\\\/\\\/covatam.com\\\/#organization\"},\"potentialAction\":[{\"@type\":\"SearchAction\",\"target\":{\"@type\":\"EntryPoint\",\"urlTemplate\":\"https:\\\/\\\/covatam.com\\\/?s={search_term_string}\"},\"query-input\":{\"@type\":\"PropertyValueSpecification\",\"valueRequired\":true,\"valueName\":\"search_term_string\"}}],\"inLanguage\":\"es\"},{\"@type\":\"Organization\",\"@id\":\"https:\\\/\\\/covatam.com\\\/#organization\",\"name\":\"covatam.com\",\"url\":\"https:\\\/\\\/covatam.com\\\/\",\"logo\":{\"@type\":\"ImageObject\",\"inLanguage\":\"es\",\"@id\":\"https:\\\/\\\/covatam.com\\\/#\\\/schema\\\/logo\\\/image\\\/\",\"url\":\"https:\\\/\\\/covatam.com\\\/wp-content\\\/uploads\\\/2021\\\/03\\\/Covatam-web-72.png\",\"contentUrl\":\"https:\\\/\\\/covatam.com\\\/wp-content\\\/uploads\\\/2021\\\/03\\\/Covatam-web-72.png\",\"width\":210,\"height\":29,\"caption\":\"covatam.com\"},\"image\":{\"@id\":\"https:\\\/\\\/covatam.com\\\/#\\\/schema\\\/logo\\\/image\\\/\"}}]}<\/script>\n<!-- \/ Yoast SEO plugin. -->","yoast_head_json":{"title":"Cursos - Resumen Naves Industriales | Colegio de Valuadores Profesionales de Tamaulipas A.C. | COVATAM - covatam.com","robots":{"index":"index","follow":"follow","max-snippet":"max-snippet:-1","max-image-preview":"max-image-preview:large","max-video-preview":"max-video-preview:-1"},"canonical":"https:\/\/covatam.com\/index.php\/cursos-resumen-naves-industriales-colegio-de-valuadores-profesionales-de-tamaulipas-a-c-covatam\/","og_locale":"es_MX","og_type":"article","og_title":"Cursos - Resumen Naves Industriales | Colegio de Valuadores Profesionales de Tamaulipas A.C. | COVATAM - covatam.com","og_description":"Cursos Covatam Resumen E.V.I. ING. Juan Antonio G\u00f3mez Vel\u00e1zquez VALUADOR DE INMUEBLES MAQUINARIA Y EQUIPO 43 a\u00f1os Profesor en la Universidad Nacional Aut\u00f3noma de M\u00e9xico .- Integrante del Consejo T\u00e9cnico de la Federaci\u00f3n de Colegios de Valuadores (FECOVAL) .-Comisionado ante INDAABIN por el Colegio de Ingenieros Civiles de M\u00e9xico por dos periodos consecutivos ( 2008 [&hellip;]","og_url":"https:\/\/covatam.com\/index.php\/cursos-resumen-naves-industriales-colegio-de-valuadores-profesionales-de-tamaulipas-a-c-covatam\/","og_site_name":"covatam.com","article_modified_time":"2021-08-30T03:10:55+00:00","og_image":[{"width":2560,"height":801,"url":"https:\/\/covatam.com\/wp-content\/uploads\/2021\/03\/CURSO-logo-Naves-Industriales-LOGO-scaled.jpg","type":"image\/jpeg"}],"twitter_card":"summary_large_image","twitter_misc":{"Tiempo de lectura":"2 minutos"},"schema":{"@context":"https:\/\/schema.org","@graph":[{"@type":"WebPage","@id":"https:\/\/covatam.com\/index.php\/cursos-resumen-naves-industriales-colegio-de-valuadores-profesionales-de-tamaulipas-a-c-covatam\/","url":"https:\/\/covatam.com\/index.php\/cursos-resumen-naves-industriales-colegio-de-valuadores-profesionales-de-tamaulipas-a-c-covatam\/","name":"Cursos - Resumen Naves Industriales | Colegio de Valuadores Profesionales de Tamaulipas A.C. | COVATAM - covatam.com","isPartOf":{"@id":"https:\/\/covatam.com\/#website"},"primaryImageOfPage":{"@id":"https:\/\/covatam.com\/index.php\/cursos-resumen-naves-industriales-colegio-de-valuadores-profesionales-de-tamaulipas-a-c-covatam\/#primaryimage"},"image":{"@id":"https:\/\/covatam.com\/index.php\/cursos-resumen-naves-industriales-colegio-de-valuadores-profesionales-de-tamaulipas-a-c-covatam\/#primaryimage"},"thumbnailUrl":"https:\/\/covatam.com\/wp-content\/uploads\/2021\/03\/CURSO-logo-Naves-Industriales-LOGO-scaled.jpg","datePublished":"2021-08-22T22:06:05+00:00","dateModified":"2021-08-30T03:10:55+00:00","breadcrumb":{"@id":"https:\/\/covatam.com\/index.php\/cursos-resumen-naves-industriales-colegio-de-valuadores-profesionales-de-tamaulipas-a-c-covatam\/#breadcrumb"},"inLanguage":"es","potentialAction":[{"@type":"ReadAction","target":["https:\/\/covatam.com\/index.php\/cursos-resumen-naves-industriales-colegio-de-valuadores-profesionales-de-tamaulipas-a-c-covatam\/"]}]},{"@type":"ImageObject","inLanguage":"es","@id":"https:\/\/covatam.com\/index.php\/cursos-resumen-naves-industriales-colegio-de-valuadores-profesionales-de-tamaulipas-a-c-covatam\/#primaryimage","url":"https:\/\/covatam.com\/wp-content\/uploads\/2021\/03\/CURSO-logo-Naves-Industriales-LOGO-scaled.jpg","contentUrl":"https:\/\/covatam.com\/wp-content\/uploads\/2021\/03\/CURSO-logo-Naves-Industriales-LOGO-scaled.jpg","width":2560,"height":801},{"@type":"BreadcrumbList","@id":"https:\/\/covatam.com\/index.php\/cursos-resumen-naves-industriales-colegio-de-valuadores-profesionales-de-tamaulipas-a-c-covatam\/#breadcrumb","itemListElement":[{"@type":"ListItem","position":1,"name":"Inicio","item":"https:\/\/covatam.com\/"},{"@type":"ListItem","position":2,"name":"Cursos &#8211; Resumen Naves Industriales | Colegio de Valuadores Profesionales de Tamaulipas A.C. | COVATAM"}]},{"@type":"WebSite","@id":"https:\/\/covatam.com\/#website","url":"https:\/\/covatam.com\/","name":"covatam.com","description":"Colegio de Valuadores Profesionales de Tamaulipas A.C.","publisher":{"@id":"https:\/\/covatam.com\/#organization"},"potentialAction":[{"@type":"SearchAction","target":{"@type":"EntryPoint","urlTemplate":"https:\/\/covatam.com\/?s={search_term_string}"},"query-input":{"@type":"PropertyValueSpecification","valueRequired":true,"valueName":"search_term_string"}}],"inLanguage":"es"},{"@type":"Organization","@id":"https:\/\/covatam.com\/#organization","name":"covatam.com","url":"https:\/\/covatam.com\/","logo":{"@type":"ImageObject","inLanguage":"es","@id":"https:\/\/covatam.com\/#\/schema\/logo\/image\/","url":"https:\/\/covatam.com\/wp-content\/uploads\/2021\/03\/Covatam-web-72.png","contentUrl":"https:\/\/covatam.com\/wp-content\/uploads\/2021\/03\/Covatam-web-72.png","width":210,"height":29,"caption":"covatam.com"},"image":{"@id":"https:\/\/covatam.com\/#\/schema\/logo\/image\/"}}]}},"_links":{"self":[{"href":"https:\/\/covatam.com\/index.php\/wp-json\/wp\/v2\/pages\/936","targetHints":{"allow":["GET"]}}],"collection":[{"href":"https:\/\/covatam.com\/index.php\/wp-json\/wp\/v2\/pages"}],"about":[{"href":"https:\/\/covatam.com\/index.php\/wp-json\/wp\/v2\/types\/page"}],"author":[{"embeddable":true,"href":"https:\/\/covatam.com\/index.php\/wp-json\/wp\/v2\/users\/1"}],"replies":[{"embeddable":true,"href":"https:\/\/covatam.com\/index.php\/wp-json\/wp\/v2\/comments?post=936"}],"version-history":[{"count":31,"href":"https:\/\/covatam.com\/index.php\/wp-json\/wp\/v2\/pages\/936\/revisions"}],"predecessor-version":[{"id":1999,"href":"https:\/\/covatam.com\/index.php\/wp-json\/wp\/v2\/pages\/936\/revisions\/1999"}],"wp:attachment":[{"href":"https:\/\/covatam.com\/index.php\/wp-json\/wp\/v2\/media?parent=936"}],"curies":[{"name":"wp","href":"https:\/\/api.w.org\/{rel}","templated":true}]}}